{"id":429,"date":"2023-01-15T22:11:12","date_gmt":"2023-01-15T22:11:12","guid":{"rendered":"https:\/\/atras-univ-saida.dz\/en\/?page_id=429"},"modified":"2024-08-17T18:53:00","modified_gmt":"2024-08-17T18:53:00","slug":"vol-4-issue-1-january-2023-vol-4-issue-2-july-2023","status":"publish","type":"page","link":"https:\/\/atras-univ-saida.dz\/en\/?page_id=429","title":{"rendered":"VOLUME 04"},"content":{"rendered":"\n<div class=\"wp-block-buttons is-layout-flex wp-block-buttons-is-layout-flex\">\n<div class=\"wp-block-button has-custom-width wp-block-button__width-50 is-style-outline is-style-outline--1\"><a class=\"wp-block-button__link has-pale-cyan-blue-background-color has-text-color has-background has-text-align-center wp-element-button\" href=\"https:\/\/drive.google.com\/file\/d\/1ZQQV5AzTNZFE_RmqhiSm8_tIDHbvl55M\/view?usp=sharing\" style=\"border-top-left-radius:14px;border-top-right-radius:20px;border-bottom-left-radius:14px;border-bottom-right-radius:14px;color:#2217bc\"><strong>Issuse 1 in full [ January 2023 ]<\/strong><\/a><\/div>\n<\/div>\n\n\n\n<p><\/p>\n\n\n\n<figure class=\"wp-block-table is-style-stripes\"><table class=\"has-vivid-cyan-blue-color has-very-light-gray-to-cyan-bluish-gray-gradient-background has-text-color has-background has-link-color\"><thead><tr><th><strong>Issue 1 According to Article [ January 2023 ]<\/strong><\/th><\/tr><\/thead><tbody><tr><td><a href=\"https:\/\/atras-univ-saida.dz\/en\/?p=1274\">Article 1:&nbsp;&nbsp;Workplace-Context Syllabus Design towards ESP Learning and Teaching Materials Development<\/a><br><strong>MBENZA Enock Enock<\/strong><\/td><\/tr><tr><td><a href=\"https:\/\/atras-univ-saida.dz\/en\/?p=1275\"><em>Article 2<\/em>:&nbsp;&nbsp;Translation of&nbsp;&nbsp; Rabindranath Tagore\u2019s &nbsp;Poetic Works: A Critical Survey\u064e<\/a><br><strong>DINESH Kumar<\/strong><\/td><\/tr><tr><td><a href=\"https:\/\/atras-univ-saida.dz\/en\/?p=1277\"><em>Article 3&nbsp;<\/em>:&nbsp;&nbsp;A Cognitive Semantic Analysis of Metaphoric Expressions in Fulfulde<\/a><strong>&nbsp; <\/strong><br><strong>Amodu Eneojoh Jonah<\/strong> &amp; <strong>Abdullahi Hadiyyah<\/strong><\/td><\/tr><tr><td><a href=\"https:\/\/atras-univ-saida.dz\/en\/?p=1284\"><em>Article 4<\/em>:&nbsp;&nbsp;On the Issue of Linguistic Corruption in the Interpretation of the Covid-19 Pandemic<\/a><br><strong>O.E.&nbsp;Williams<\/strong><\/td><\/tr><tr><td><a href=\"https:\/\/atras-univ-saida.dz\/en\/?p=1290\"><em>Article 5<\/em>:\u00a0Representation of Moral Values and Immoral Disputes in J.R.R<\/a><strong><a href=\"https:\/\/atras-univ-saida.dz\/en\/?p=1290\">\u00a0<\/a><\/strong><a href=\"https:\/\/atras-univ-saida.dz\/en\/?p=1290\">Tolkien\u2019s Novels<\/a><br><strong><strong><strong><strong>Gokulapriya T<\/strong><\/strong><\/strong><\/strong><\/td><\/tr><tr><td><a href=\"https:\/\/atras-univ-saida.dz\/en\/?p=1292\"><em>Article 6<\/em>:&nbsp;&nbsp;Images of the Female Character in Nigerian Christian Television Drama Serial Lekan Asikhia\u2019s&nbsp;&nbsp;&nbsp;<em>The Gatekeepers<\/em>&nbsp;in Perspective<\/a> <br><strong>Solomon Adedokun Edebor<\/strong><\/td><\/tr><tr><td><a href=\"https:\/\/atras-univ-saida.dz\/en\/?p=1300\">Article 7:&nbsp;Inclusiveness in Indian Graphic Novels: Bhimayana and Kari<\/a> <br><strong>Zahra Ahmad<\/strong><\/td><\/tr><tr><td><a href=\"https:\/\/atras-univ-saida.dz\/en\/?p=1303\"><em>Article 8<\/em> : Erasure of Gaps in the Terrain of Women Translation: Unveiling of Differences and Ideology in Anjana&nbsp;Sankar\u2019s&nbsp;<em>To the Work Place<\/em><\/a> <br><strong>RESHMI S<\/strong><\/td><\/tr><tr><td><a href=\"https:\/\/atras-univ-saida.dz\/en\/?p=1306\">Article 9:&nbsp;Female Genital Mutilation in Somalia: The Memories and &nbsp;&nbsp;&nbsp;&nbsp;Mimesis of Pains in Ayaan Hirsi Ali\u2019s&nbsp; Infidel: My Life<\/a> <br><strong>Olumide Olugbemi-Gabriel<\/strong><\/td><\/tr><tr><td><a href=\"https:\/\/atras-univ-saida.dz\/en\/?p=1310\"><em>Article 10<\/em> : Literature of Pandemic: An Analytical Study of Select Literary Texts<\/a> <br><strong>Shibasambhu Nandi<\/strong><\/td><\/tr><tr><td><a href=\"https:\/\/atras-univ-saida.dz\/en\/?p=1312\">Article 11:&nbsp;Exploring Activist Poetics and the Nigerian Leadership in Ndubuisi Martin\u2019s Answers through the Bramble<\/a> <strong>Bartholomew Chizoba Akpah<\/strong><\/td><\/tr><tr><td><a href=\"https:\/\/atras-univ-saida.dz\/en\/?p=1316\">Article 12:&nbsp;A&nbsp;Review of Challenges as Educational Innovations in Higher Education<\/a><em><strong>&nbsp;<\/strong><\/em><br><strong>Chaitra Pandurang Naik<\/strong><\/td><\/tr><tr><td><strong><a href=\"http:\/\/front page + table of contents\">front page + table of contents<\/a><\/strong><\/td><\/tr><\/tbody><\/table><\/figure>\n\n\n\n<p><\/p>\n\n\n\n<div class=\"wp-block-buttons is-layout-flex wp-block-buttons-is-layout-flex\">\n<div class=\"wp-block-button is-style-outline is-style-outline--2\"><a class=\"wp-block-button__link has-pale-cyan-blue-background-color has-text-color has-background wp-element-button\" href=\"https:\/\/drive.google.com\/file\/d\/1em-zHMglUh3a163pmEOwdzV0Ze1cGHEW\/view?usp=drive_link\" style=\"color:#2217bc\"><strong>Issue 2 in full [ July 2023]<\/strong><\/a><\/div>\n<\/div>\n\n\n\n<p><\/p>\n\n\n\n<div class=\"wp-block-buttons is-layout-flex wp-block-buttons-is-layout-flex\"><\/div>\n\n\n\n<figure class=\"wp-block-table aligncenter is-style-stripes\"><table class=\"has-black-color has-pale-ocean-gradient-background has-text-color has-background has-link-color has-fixed-layout\"><thead><tr><th class=\"has-text-align-left\" data-align=\"left\"><strong><strong>Issue 2 According to Articles [ July 2023 ]<\/strong><\/strong><\/th><\/tr><\/thead><tbody><tr><td class=\"has-text-align-left\" data-align=\"left\"><strong>English articles<\/strong><\/td><\/tr><tr><td class=\"has-text-align-left\" data-align=\"left\"><a href=\"https:\/\/atras-univ-saida.dz\/en\/?p=1347\">Article 01: &nbsp;patriarchal Residue in Mainstream Feminist Texts<\/a><br><strong>Saif Mahmood Mahim<\/strong><\/td><\/tr><tr><td class=\"has-text-align-left\" data-align=\"left\"><a href=\"https:\/\/atras-univ-saida.dz\/en\/?p=1352\">Article 02: &nbsp;A Study Of Laurie R. King\u2019s The Mary Russell Series&nbsp;As A&nbsp;Bildungsroman OF A Female Detective&nbsp;<\/a><br><strong>SK Benazir<\/strong><\/td><\/tr><tr><td class=\"has-text-align-left\" data-align=\"left\"><a href=\"https:\/\/atras-univ-saida.dz\/en\/?p=1353\">Article 03: &nbsp;A Semiotic Analysis of Nonverbal Linguistic Signals Used on Social Media During&nbsp;the Anglophone Crisis&nbsp;in&nbsp;Cameroon<\/a> <br><strong>Victor Fuh Ngonjo&amp; Andrew Fon Fonki<\/strong><\/td><\/tr><tr><td class=\"has-text-align-left\" data-align=\"left\"><a href=\"https:\/\/atras-univ-saida.dz\/en\/?p=1354\">Article 04: &nbsp;Pahariasan Endangered Language: Causes and Solutions<\/a><strong> <\/strong><br><strong>Muhammad Rizwan Mughal<\/strong><\/td><\/tr><tr><td class=\"has-text-align-left\" data-align=\"left\"><a href=\"https:\/\/atras-univ-saida.dz\/en\/?p=1355\">Article 05: &nbsp;Hamartia in Effiong Johnson\u2019s The Stolen Manuscript<\/a><strong> <\/strong><br><strong>Emmanuel Bunduga Tyogema<\/strong><\/td><\/tr><tr><td class=\"has-text-align-left\" data-align=\"left\"><a href=\"https:\/\/atras-univ-saida.dz\/en\/?p=1364\">Article 06: &nbsp;Exploring the Meaning of Pidgin English on Social Media: A Sociolinguistic Analysis of Nigerian Pidgin Hashtags&nbsp;as Adapted Speech <\/a><br><strong>Mosunmola Oluyinka Adebayo<\/strong><\/td><\/tr><tr><td class=\"has-text-align-left\" data-align=\"left\"><a href=\"https:\/\/atras-univ-saida.dz\/en\/?p=1365\">Article 07: &nbsp;Curriculum Development, Planning,Evaluation, and Pedagogy in Education<\/a><strong> <\/strong><br><strong>Chandan Majumder Kshirabdhi Tanaya Sahoo<\/strong><\/td><\/tr><tr><td class=\"has-text-align-left\" data-align=\"left\"><a href=\"https:\/\/atras-univ-saida.dz\/en\/?p=1366\">Article 08: &nbsp;Class Consciousness in Charlotte Bront\u00eb\u2019s The Professor (1857)<strong> <\/strong><br><\/a><strong>Alphonse Sambou<\/strong><\/td><\/tr><tr><td class=\"has-text-align-left\" data-align=\"left\"><a href=\"https:\/\/atras-univ-saida.dz\/en\/?p=1367\">Article 09: &nbsp;Syntactic Analysis of Nigerian Pidgin Used in BBC News Coverage of the February 25th, 2023 Presidential Election<\/a><strong> <\/strong><br><strong>Mosunmola Oluyinka Adebay<\/strong><\/td><\/tr><tr><td class=\"has-text-align-left\" data-align=\"left\"><a href=\"https:\/\/atras-univ-saida.dz\/en\/?p=1368\">Article 10: &nbsp;Persuasion And Connection of Words: Discursive Strategies and Interpersonal Resoueces in President Bola Ahmed Tinubu\u2019s&nbsp;&nbsp;&nbsp;Inaugural Speech of May 29, 2023<\/a><strong>&nbsp;<\/strong><br><strong>Tolulope Adeoluwa Akinseye<\/strong><\/td><\/tr><tr><td class=\"has-text-align-left\" data-align=\"left\"><a href=\"https:\/\/atras-univ-saida.dz\/en\/?p=1376\">Article 11: &nbsp;Creativity in&nbsp;Economy:&nbsp;A Linguistic Examination of Some Selected Taglines<\/a><strong>&nbsp;<\/strong><br><strong>Ataisi Emiya Gladday<\/strong><\/td><\/tr><tr><td class=\"has-text-align-left\" data-align=\"left\"><a href=\"https:\/\/atras-univ-saida.dz\/en\/?p=1377\">Article 12: &nbsp;On the Phonemic Status of \/\u03b5\/ in Ukwuani<\/a><strong><a href=\"https:\/\/atras-univ-saida.dz\/en\/?p=1377\">&nbsp;<\/a>&nbsp;&nbsp;<\/strong><br><strong>Franca Okumo<\/strong><\/td><\/tr><tr><td class=\"has-text-align-left\" data-align=\"left\"><a href=\"https:\/\/atras-univ-saida.dz\/en\/?p=1378\">Article 13: &nbsp;Comparative Analysis of the Selected Speeches by Muhammad Ali Jinnah and Mohandas Karamchand Gandhion the Basis of&nbsp;Politeness Strategies<\/a><strong>&nbsp;<\/strong><br><strong>Farman Haider<\/strong><\/td><\/tr><\/tbody><\/table><\/figure>\n\n\n\n<figure class=\"wp-block-table is-style-stripes\"><table class=\"has-black-color has-very-light-gray-to-cyan-bluish-gray-gradient-background has-text-color has-background has-link-color\"><thead><tr><th><strong><strong>French articles<\/strong><\/strong><\/th><\/tr><\/thead><tbody><tr><td><a href=\"https:\/\/atras-univ-saida.dz\/en\/?p=1389\">Article 14: &nbsp;Le th\u00e9\u00e2tre et l\u2019id\u00e9ologie socialiste des ann\u00e9es 80 : cas de la troupe Prolet-Kult de Saida<strong> <\/strong><\/a><br><strong>Meskine Mohammed Yacine<\/strong><\/td><\/tr><tr><td><a href=\"https:\/\/atras-univ-saida.dz\/en\/?p=1390\">Article 15: &nbsp;Difficult\u00e9s d\u2019accomplir la politique de la langue fran\u00e7aise aux \u00e9coles secondaires nig\u00e9rianes Utah<\/a><strong> Nduka David et&nbsp; Ezenwa, Prisca &nbsp;Colette Nkechi&nbsp;<\/strong><\/td><\/tr><\/tbody><\/table><\/figure>\n\n\n\n<figure class=\"wp-block-table is-style-stripes\"><table class=\"has-black-color has-very-light-gray-to-cyan-bluish-gray-gradient-background has-text-color has-background has-link-color\"><thead><tr><th><strong><strong>Arabic articles<\/strong><\/strong><\/th><\/tr><\/thead><tbody><tr><td><a href=\"https:\/\/atras-univ-saida.dz\/en\/?p=1398\">Article 16: &nbsp;The Reality of Non-Native Arabic Learners Using Google Translate in the Educational Process<\/a><br><strong>   \u0639\u0627\u062f\u0644 \u0628\u0646 \u0639\u0628\u062f \u0627\u0644\u0644\u0647 \u0627\u0644\u062f\u0648\u0633\u0631\u064a<\/strong><\/td><\/tr><\/tbody><\/table><\/figure>\n\n\n\n<figure class=\"wp-block-table is-style-stripes\"><table class=\"has-black-color has-very-light-gray-to-cyan-bluish-gray-gradient-background has-text-color has-background has-link-color\"><thead><tr><th class=\"has-text-align-left\" data-align=\"left\"><strong><strong><a href=\"https:\/\/drive.google.com\/file\/d\/1eVeBNhUNsg6Bhga6niiqpMLyF1GbD8rJ\/view?usp=sharing\">front page + table of contents<\/a><\/strong><\/strong><\/th><\/tr><\/thead><\/table><\/figure>\n","protected":false},"excerpt":{"rendered":"<p>Issue 1 According to Article [ January 2023 ] Article 1:&nbsp;&nbsp;Workplace-Context Syllabus Design towards ESP Learning and Teaching Materials DevelopmentMBENZA Enock Enock Article 2:&nbsp;&nbsp;Translation of&nbsp;&nbsp; Rabindranath Tagore\u2019s &nbsp;Poetic Works: A Critical Survey\u064eDINESH Kumar Article 3&nbsp;:&nbsp;&nbsp;A Cognitive Semantic Analysis of Metaphoric Expressions in Fulfulde&nbsp; Amodu Eneojoh Jonah &amp; Abdullahi Hadiyyah Article 4:&nbsp;&nbsp;On the Issue of Linguistic [&hellip;]<\/p>\n","protected":false},"author":2,"featured_media":0,"parent":0,"menu_order":0,"comment_status":"closed","ping_status":"closed","template":"","meta":{"footnotes":""},"class_list":["post-429","page","type-page","status-publish","hentry"],"yoast_head":"<!-- This site is optimized with the Yoast SEO plugin v27.2 - https:\/\/yoast.com\/product\/yoast-seo-wordpress\/ -->\n<title>VOLUME 04 - ATRAS journal ATRAS is a double-blind, peer-reviewed, and multidisciplinary journal issued by the Faculty of Letters, Languages, and Arts, Saida University<\/title>\n<meta name=\"description\" content=\"critical analysis, feminist discourse, gender roles, patriarchal influence, power structures, unconscious biases, Western literature\" \/>\n<meta name=\"robots\" content=\"index, follow, max-snippet:-1, max-image-preview:large, max-video-preview:-1\" \/>\n<link rel=\"canonical\" href=\"https:\/\/atras-univ-saida.dz\/en\/?page_id=429\" \/>\n<meta property=\"og:locale\" content=\"en_US\" \/>\n<meta property=\"og:type\" content=\"article\" \/>\n<meta property=\"og:title\" content=\"Vol 4 Issue 1 January 2023 &amp; Vol 4 Issue 2 July 2023\" \/>\n<meta property=\"og:description\" content=\"critical analysis, feminist discourse, gender roles, patriarchal influence, power structures, unconscious biases, Western literature\" \/>\n<meta property=\"og:url\" content=\"https:\/\/atras-univ-saida.dz\/en\/?page_id=429\" \/>\n<meta property=\"og:site_name\" content=\"ATRAS journal\" \/>\n<meta property=\"article:publisher\" content=\"https:\/\/www.facebook.com\/p\/ATRAS-journal-100083161450894\/\" \/>\n<meta property=\"article:modified_time\" content=\"2024-08-17T18:53:00+00:00\" \/>\n<meta property=\"og:image\" content=\"https:\/\/atras-univ-saida.dz\/en\/wp-content\/uploads\/2024\/06\/plume-article-02-300x300-1.png\" \/>\n\t<meta property=\"og:image:width\" content=\"300\" \/>\n\t<meta property=\"og:image:height\" content=\"300\" \/>\n\t<meta property=\"og:image:type\" content=\"image\/png\" \/>\n<meta name=\"twitter:card\" content=\"summary_large_image\" \/>\n<meta name=\"twitter:title\" content=\"Vol 4 Issue 1 January 2023 &amp; Vol 4 Issue 2 July 2023\" \/>\n<meta name=\"twitter:description\" content=\"Vol 4 Issue 1 January 2023 &amp; Vol 4 Issue 2 July 2023critical analysis, feminist discourse, gender roles, patriarchal influence, power structures, unconscious biases, Western literature\" \/>\n<meta name=\"twitter:image\" content=\"https:\/\/atras-univ-saida.dz\/en\/wp-content\/uploads\/2024\/06\/plume-article-02-300x300-1.png\" \/>\n<meta name=\"twitter:label1\" content=\"Est. reading time\" \/>\n\t<meta name=\"twitter:data1\" content=\"3 minutes\" \/>\n<script type=\"application\/ld+json\" class=\"yoast-schema-graph\">{\"@context\":\"https:\/\/schema.org\",\"@graph\":[{\"@type\":\"WebPage\",\"@id\":\"https:\/\/atras-univ-saida.dz\/en\/?page_id=429\",\"url\":\"https:\/\/atras-univ-saida.dz\/en\/?page_id=429\",\"name\":\"VOLUME 04 - ATRAS journal ATRAS is a double-blind, peer-reviewed, and multidisciplinary journal issued by the Faculty of Letters, Languages, and Arts, Saida University\",\"isPartOf\":{\"@id\":\"https:\/\/atras-univ-saida.dz\/en\/#website\"},\"datePublished\":\"2023-01-15T22:11:12+00:00\",\"dateModified\":\"2024-08-17T18:53:00+00:00\",\"description\":\"critical analysis, feminist discourse, gender roles, patriarchal influence, power structures, unconscious biases, Western literature\",\"breadcrumb\":{\"@id\":\"https:\/\/atras-univ-saida.dz\/en\/?page_id=429#breadcrumb\"},\"inLanguage\":\"en-US\",\"potentialAction\":[{\"@type\":\"ReadAction\",\"target\":[\"https:\/\/atras-univ-saida.dz\/en\/?page_id=429\"]}]},{\"@type\":\"BreadcrumbList\",\"@id\":\"https:\/\/atras-univ-saida.dz\/en\/?page_id=429#breadcrumb\",\"itemListElement\":[{\"@type\":\"ListItem\",\"position\":1,\"name\":\"Home\",\"item\":\"https:\/\/atras-univ-saida.dz\/en\/\"},{\"@type\":\"ListItem\",\"position\":2,\"name\":\"VOLUME 04\"}]},{\"@type\":\"WebSite\",\"@id\":\"https:\/\/atras-univ-saida.dz\/en\/#website\",\"url\":\"https:\/\/atras-univ-saida.dz\/en\/\",\"name\":\"ATRAS journal\",\"description\":\"ATRAS is a double-blind, peer-reviewed, and multidisciplinary journal issued by the Faculty of Letters, Languages, and Arts, Saida University\",\"publisher\":{\"@id\":\"https:\/\/atras-univ-saida.dz\/en\/#organization\"},\"alternateName\":\"ATRAS journal\",\"potentialAction\":[{\"@type\":\"SearchAction\",\"target\":{\"@type\":\"EntryPoint\",\"urlTemplate\":\"https:\/\/atras-univ-saida.dz\/en\/?s={search_term_string}\"},\"query-input\":{\"@type\":\"PropertyValueSpecification\",\"valueRequired\":true,\"valueName\":\"search_term_string\"}}],\"inLanguage\":\"en-US\"},{\"@type\":\"Organization\",\"@id\":\"https:\/\/atras-univ-saida.dz\/en\/#organization\",\"name\":\"ATRAS journal\",\"alternateName\":\"ATRAS is a double-blind, peer-reviewed, and multidisciplinary journal issued by the Faculty of Letters, Languages, and Arts, Saida University\",\"url\":\"https:\/\/atras-univ-saida.dz\/en\/\",\"logo\":{\"@type\":\"ImageObject\",\"inLanguage\":\"en-US\",\"@id\":\"https:\/\/atras-univ-saida.dz\/en\/#\/schema\/logo\/image\/\",\"url\":\"https:\/\/atras-univ-saida.dz\/en\/wp-content\/uploads\/2024\/05\/logo-512x512-1.png\",\"contentUrl\":\"https:\/\/atras-univ-saida.dz\/en\/wp-content\/uploads\/2024\/05\/logo-512x512-1.png\",\"width\":512,\"height\":512,\"caption\":\"ATRAS journal\"},\"image\":{\"@id\":\"https:\/\/atras-univ-saida.dz\/en\/#\/schema\/logo\/image\/\"},\"sameAs\":[\"https:\/\/www.facebook.com\/p\/ATRAS-journal-100083161450894\/\"]}]}<\/script>\n<!-- \/ Yoast SEO plugin. -->","yoast_head_json":{"title":"VOLUME 04 - ATRAS journal ATRAS is a double-blind, peer-reviewed, and multidisciplinary journal issued by the Faculty of Letters, Languages, and Arts, Saida University","description":"critical analysis, feminist discourse, gender roles, patriarchal influence, power structures, unconscious biases, Western literature","robots":{"index":"index","follow":"follow","max-snippet":"max-snippet:-1","max-image-preview":"max-image-preview:large","max-video-preview":"max-video-preview:-1"},"canonical":"https:\/\/atras-univ-saida.dz\/en\/?page_id=429","og_locale":"en_US","og_type":"article","og_title":"Vol 4 Issue 1 January 2023 & Vol 4 Issue 2 July 2023","og_description":"critical analysis, feminist discourse, gender roles, patriarchal influence, power structures, unconscious biases, Western literature","og_url":"https:\/\/atras-univ-saida.dz\/en\/?page_id=429","og_site_name":"ATRAS journal","article_publisher":"https:\/\/www.facebook.com\/p\/ATRAS-journal-100083161450894\/","article_modified_time":"2024-08-17T18:53:00+00:00","og_image":[{"width":300,"height":300,"url":"https:\/\/atras-univ-saida.dz\/en\/wp-content\/uploads\/2024\/06\/plume-article-02-300x300-1.png","type":"image\/png"}],"twitter_card":"summary_large_image","twitter_title":"Vol 4 Issue 1 January 2023 & Vol 4 Issue 2 July 2023","twitter_description":"Vol 4 Issue 1 January 2023 & Vol 4 Issue 2 July 2023critical analysis, feminist discourse, gender roles, patriarchal influence, power structures, unconscious biases, Western literature","twitter_image":"https:\/\/atras-univ-saida.dz\/en\/wp-content\/uploads\/2024\/06\/plume-article-02-300x300-1.png","twitter_misc":{"Est. reading time":"3 minutes"},"schema":{"@context":"https:\/\/schema.org","@graph":[{"@type":"WebPage","@id":"https:\/\/atras-univ-saida.dz\/en\/?page_id=429","url":"https:\/\/atras-univ-saida.dz\/en\/?page_id=429","name":"VOLUME 04 - ATRAS journal ATRAS is a double-blind, peer-reviewed, and multidisciplinary journal issued by the Faculty of Letters, Languages, and Arts, Saida University","isPartOf":{"@id":"https:\/\/atras-univ-saida.dz\/en\/#website"},"datePublished":"2023-01-15T22:11:12+00:00","dateModified":"2024-08-17T18:53:00+00:00","description":"critical analysis, feminist discourse, gender roles, patriarchal influence, power structures, unconscious biases, Western literature","breadcrumb":{"@id":"https:\/\/atras-univ-saida.dz\/en\/?page_id=429#breadcrumb"},"inLanguage":"en-US","potentialAction":[{"@type":"ReadAction","target":["https:\/\/atras-univ-saida.dz\/en\/?page_id=429"]}]},{"@type":"BreadcrumbList","@id":"https:\/\/atras-univ-saida.dz\/en\/?page_id=429#breadcrumb","itemListElement":[{"@type":"ListItem","position":1,"name":"Home","item":"https:\/\/atras-univ-saida.dz\/en\/"},{"@type":"ListItem","position":2,"name":"VOLUME 04"}]},{"@type":"WebSite","@id":"https:\/\/atras-univ-saida.dz\/en\/#website","url":"https:\/\/atras-univ-saida.dz\/en\/","name":"ATRAS journal","description":"ATRAS is a double-blind, peer-reviewed, and multidisciplinary journal issued by the Faculty of Letters, Languages, and Arts, Saida University","publisher":{"@id":"https:\/\/atras-univ-saida.dz\/en\/#organization"},"alternateName":"ATRAS journal","potentialAction":[{"@type":"SearchAction","target":{"@type":"EntryPoint","urlTemplate":"https:\/\/atras-univ-saida.dz\/en\/?s={search_term_string}"},"query-input":{"@type":"PropertyValueSpecification","valueRequired":true,"valueName":"search_term_string"}}],"inLanguage":"en-US"},{"@type":"Organization","@id":"https:\/\/atras-univ-saida.dz\/en\/#organization","name":"ATRAS journal","alternateName":"ATRAS is a double-blind, peer-reviewed, and multidisciplinary journal issued by the Faculty of Letters, Languages, and Arts, Saida University","url":"https:\/\/atras-univ-saida.dz\/en\/","logo":{"@type":"ImageObject","inLanguage":"en-US","@id":"https:\/\/atras-univ-saida.dz\/en\/#\/schema\/logo\/image\/","url":"https:\/\/atras-univ-saida.dz\/en\/wp-content\/uploads\/2024\/05\/logo-512x512-1.png","contentUrl":"https:\/\/atras-univ-saida.dz\/en\/wp-content\/uploads\/2024\/05\/logo-512x512-1.png","width":512,"height":512,"caption":"ATRAS journal"},"image":{"@id":"https:\/\/atras-univ-saida.dz\/en\/#\/schema\/logo\/image\/"},"sameAs":["https:\/\/www.facebook.com\/p\/ATRAS-journal-100083161450894\/"]}]}},"_links":{"self":[{"href":"https:\/\/atras-univ-saida.dz\/en\/index.php?rest_route=\/wp\/v2\/pages\/429","targetHints":{"allow":["GET"]}}],"collection":[{"href":"https:\/\/atras-univ-saida.dz\/en\/index.php?rest_route=\/wp\/v2\/pages"}],"about":[{"href":"https:\/\/atras-univ-saida.dz\/en\/index.php?rest_route=\/wp\/v2\/types\/page"}],"author":[{"embeddable":true,"href":"https:\/\/atras-univ-saida.dz\/en\/index.php?rest_route=\/wp\/v2\/users\/2"}],"replies":[{"embeddable":true,"href":"https:\/\/atras-univ-saida.dz\/en\/index.php?rest_route=%2Fwp%2Fv2%2Fcomments&post=429"}],"version-history":[{"count":67,"href":"https:\/\/atras-univ-saida.dz\/en\/index.php?rest_route=\/wp\/v2\/pages\/429\/revisions"}],"predecessor-version":[{"id":2061,"href":"https:\/\/atras-univ-saida.dz\/en\/index.php?rest_route=\/wp\/v2\/pages\/429\/revisions\/2061"}],"wp:attachment":[{"href":"https:\/\/atras-univ-saida.dz\/en\/index.php?rest_route=%2Fwp%2Fv2%2Fmedia&parent=429"}],"curies":[{"name":"wp","href":"https:\/\/api.w.org\/{rel}","templated":true}]}}